{"id":23247,"date":"2024-10-02T10:21:50","date_gmt":"2024-10-02T13:21:50","guid":{"rendered":"https:\/\/www.ovg.org.br\/site\/?p=23247"},"modified":"2026-02-23T17:10:08","modified_gmt":"2026-02-23T20:10:08","slug":"acoes-de-atendimento","status":"publish","type":"page","link":"https:\/\/www.ovg.org.br\/site\/?page_id=23247","title":{"rendered":"A\u00e7\u00f5es de Atendimento"},"content":{"rendered":"\n<p><\/p>\n\n\n\n<p class=\"has-black-color has-text-color has-link-color wp-elements-6448b496bd4506fdfdbfe2bdc4f9b815\"><a href=\"https:\/\/www.ovg.org.br\/site\/wp-content\/uploads\/2026\/02\/E1.-Pessoa-Idosa-Servico-de-Convivencia-e-Fortalecimento-de-Vinculos_Fevereiro_2026.pdf\">Pessoa Idosa: Servi\u00e7o de Conviv\u00eancia e Fortalecimento de V\u00ednculos<br><\/a><a href=\"https:\/\/www.ovg.org.br\/site\/wp-content\/uploads\/2024\/10\/Pessoa-Idosa_Servico-de-Convivencia-e-Fortalecimento-de-Vinculos.pdf\"><br><\/a><a href=\"https:\/\/www.ovg.org.br\/site\/wp-content\/uploads\/2026\/02\/E1.-Pessoa-Idosa-Instituicao-de-Longa-Permanencia-para-Idosos_Fevereiro_2026.pdf\">Pessoa Idosa: Institui\u00e7\u00e3o de Longa Perman\u00eancia para Idosos<br><\/a><a href=\"https:\/\/www.ovg.org.br\/site\/wp-content\/uploads\/2024\/11\/Pessoa-Idosa-Instituicao-de-Longa-Permanencia-para-Idosos.pdf\"><br><\/a><a href=\"https:\/\/www.ovg.org.br\/site\/wp-content\/uploads\/2026\/02\/E1.-Pessoa-Idosa-Modalidade-Centro-Dia_Fevereiro_2026.pdf\">Pessoa Idosa: Modalidade Centro Dia<br><\/a><a href=\"https:\/\/www.ovg.org.br\/site\/wp-content\/uploads\/2024\/11\/Pessoa-Idosa-Modalidade-Centro-Dia.pdf\"><br><\/a><a href=\"https:\/\/www.ovg.org.br\/site\/wp-content\/uploads\/2026\/02\/E1.-Pessoa-Idosa-Modalidade-Casa-Lar_Fevereiro_2026-1.pdf\">Pessoa Idosa: Modalidade Casa Lar<\/a><\/p>\n\n\n\n<p class=\"has-black-color has-text-color has-link-color wp-elements-4ffe2546f8548941ba8256327512a880\"><a href=\"https:\/\/www.ovg.org.br\/site\/wp-content\/uploads\/2025\/08\/ok.E1.-Centro-da-Juventude-Tecendo-o-Futuro-Programa-Juventude-Tecendo-o-Futuro_Ago_2025.pdf\">Centro da Juventude Tecendo o Futuro: Programa Juventude Tecendo o Futuro<br><\/a><a href=\"https:\/\/www.ovg.org.br\/site\/wp-content\/uploads\/2024\/10\/Centro-da-Juventude-Tecendo-o-Futuro_Programa-Juventude-Tecendo-o-Futuro.pdf\"><br><\/a><a href=\"https:\/\/www.ovg.org.br\/site\/wp-content\/uploads\/2026\/02\/E1.-Centro-da-Juventude-Tecendo-o-Futuro-Programa-Meninas-de-Luz_Fevereiro_2026-1.pdf\">Centro da Juventude Tecendo o Futuro: Programa Meninas de Luz<br><\/a><a href=\"https:\/\/www.ovg.org.br\/site\/wp-content\/uploads\/2024\/10\/Centro-da-Juventude-Tecendo-o-Futuro_Programa-Meninas-de-Luz.pdf\"><br><\/a><a href=\"https:\/\/www.ovg.org.br\/site\/wp-content\/uploads\/2025\/08\/ok.E1.-Programa-Universitario-do-Bem_Ago_2025.pdf\">Programa Universit\u00e1rio do Bem<\/a><br><br><a href=\"https:\/\/www.ovg.org.br\/site\/wp-content\/uploads\/2026\/02\/E2.-Perguntas-e-Respostas_RB_Fevereiro_2026-2.pdf\">Programa Restaurante do Bem<\/a><\/p>\n\n\n\n<p class=\"has-black-color has-text-color has-link-color wp-elements-cdfdc44d2aa461a733300adbc81a4a29\"><a href=\"https:\/\/www.ovg.org.br\/site\/wp-content\/uploads\/2025\/08\/ok.E1.-Perguntas-e-Respostas_Servico-de-Protecao-Social-Basica-no-Domicilio_Ago_-2025.pdf\">Ger\u00eancia de Benef\u00edcios Sociais: Servi\u00e7o de Prote\u00e7\u00e3o Social B\u00e1sica no Domic\u00edlio<br><\/a><a href=\"https:\/\/www.ovg.org.br\/site\/wp-content\/uploads\/2024\/10\/Gerencia-de-Enfrentamento-as-Desprotecoes-Sociais.pdf\"><br><\/a><a href=\"https:\/\/www.ovg.org.br\/site\/wp-content\/uploads\/2024\/10\/Casa-do-Interior-de-Goias.pdf\">Casa do Interior de Goi\u00e1s<\/a><\/p>\n\n\n\n<p><\/p>\n","protected":false},"excerpt":{"rendered":"<p>Pessoa Idosa: Servi\u00e7o de Conviv\u00eancia e Fortalecimento de V\u00ednculosPessoa Idosa: Institui\u00e7\u00e3o de Longa Perman\u00eancia para IdososPessoa Idosa: Modalidade Centro DiaPessoa Idosa: Modalidade Casa Lar Centro da Juventude Tecendo o Futuro:&hellip;<\/p>\n","protected":false},"author":2,"featured_media":0,"parent":0,"menu_order":0,"comment_status":"closed","ping_status":"closed","template":"","meta":{"_acf_changed":false,"footnotes":""},"class_list":["post-23247","page","type-page","status-publish","hentry"],"acf":[],"_links":{"self":[{"href":"https:\/\/www.ovg.org.br\/site\/index.php?rest_route=\/wp\/v2\/pages\/23247","targetHints":{"allow":["GET"]}}],"collection":[{"href":"https:\/\/www.ovg.org.br\/site\/index.php?rest_route=\/wp\/v2\/pages"}],"about":[{"href":"https:\/\/www.ovg.org.br\/site\/index.php?rest_route=\/wp\/v2\/types\/page"}],"author":[{"embeddable":true,"href":"https:\/\/www.ovg.org.br\/site\/index.php?rest_route=\/wp\/v2\/users\/2"}],"replies":[{"embeddable":true,"href":"https:\/\/www.ovg.org.br\/site\/index.php?rest_route=%2Fwp%2Fv2%2Fcomments&post=23247"}],"version-history":[{"count":14,"href":"https:\/\/www.ovg.org.br\/site\/index.php?rest_route=\/wp\/v2\/pages\/23247\/revisions"}],"predecessor-version":[{"id":29500,"href":"https:\/\/www.ovg.org.br\/site\/index.php?rest_route=\/wp\/v2\/pages\/23247\/revisions\/29500"}],"wp:attachment":[{"href":"https:\/\/www.ovg.org.br\/site\/index.php?rest_route=%2Fwp%2Fv2%2Fmedia&parent=23247"}],"curies":[{"name":"wp","href":"https:\/\/api.w.org\/{rel}","templated":true}]}}