{"id":23249,"date":"2024-10-02T10:27:32","date_gmt":"2024-10-02T13:27:32","guid":{"rendered":"https:\/\/www.ovg.org.br\/site\/?p=23249"},"modified":"2026-03-18T16:57:56","modified_gmt":"2026-03-18T19:57:56","slug":"acoes-de-assessoramento-e-defesa-e-garantia-de-direitos","status":"publish","type":"page","link":"https:\/\/www.ovg.org.br\/site\/?page_id=23249","title":{"rendered":"A\u00e7\u00f5es de Assessoramento e Defesa e Garantia de Direitos"},"content":{"rendered":"\n<p><\/p>\n\n\n\n<p class=\"has-text-align-left has-black-color has-text-color has-link-color has-medium-font-size wp-elements-a0c93ac3d01018c6bdce7f6dbe77e7e3\"><a href=\"https:\/\/www.ovg.org.br\/site\/wp-content\/uploads\/2025\/02\/E2.-Perguntas-e-Respostas_GVPS-Entidades-Assessoramento-e-Capacitacao_Fev_2025.pdf\">Ger\u00eancia de Voluntariado e Parcerias Sociais: Assessoramento \u00e0s Entidades Sociais<\/a><br><a href=\"https:\/\/www.ovg.org.br\/site\/wp-content\/uploads\/2025\/02\/E2.-Perguntas-e-Respostas_GVPS-Entidades-Assessoramento-e-Capacitacao_Fev_2025.pdf\"><br><\/a><a href=\"https:\/\/www.ovg.org.br\/site\/wp-content\/uploads\/2024\/10\/Gerencia-de-Beneficios-Sociais_Apoio-as-Entidades-Sociais.pdf\">Ger\u00eancia de Benef\u00edcios Sociais: Apoio \u00e0s Entidades Sociais<\/a><br><a href=\"https:\/\/www.ovg.org.br\/site\/wp-content\/uploads\/2024\/10\/Gerencia-de-Beneficios-Sociais_Apoio-as-Entidades-Sociais.pdf\"><br><\/a><a href=\"https:\/\/www.ovg.org.br\/site\/wp-content\/uploads\/2025\/08\/E2.-Perguntas-e-Respostas_GGSA_Ago_2024_.pdf\">Ger\u00eancia de Gest\u00e3o Social e Avalia\u00e7\u00e3o: Assessoramento Pol\u00edtico e T\u00e9cnico para Fortalecimento dos Equipamentos P\u00fablicos Sociais<\/a><br><a href=\"https:\/\/www.ovg.org.br\/site\/wp-content\/uploads\/2024\/10\/Gerencia-de-Gestao-Social-e-Avaliacao_Assessoramento-Politico-e-Tecnico.pdf\"><br><\/a><a href=\"https:\/\/www.ovg.org.br\/site\/wp-content\/uploads\/2026\/03\/E2.-Perguntas-e-Respostas_RB_Marco_2026-1.pdf\">Programa Restaurante do Bem<br><\/a><a href=\"https:\/\/www.ovg.org.br\/site\/wp-content\/uploads\/2025\/07\/E2.-Perguntas-e-Respostas_RB_Julho_2025.pdf\"><br><\/a><a href=\"https:\/\/www.ovg.org.br\/site\/wp-content\/uploads\/2024\/10\/Programa-Banco-de-Alimentos-2.pdf\">Programa Banco de Alimentos<\/a><\/p>\n\n\n\n<p><\/p>\n","protected":false},"excerpt":{"rendered":"<p>Ger\u00eancia de Voluntariado e Parcerias Sociais: Assessoramento \u00e0s Entidades SociaisGer\u00eancia de Benef\u00edcios Sociais: Apoio \u00e0s Entidades SociaisGer\u00eancia de Gest\u00e3o Social e Avalia\u00e7\u00e3o: Assessoramento Pol\u00edtico e T\u00e9cnico para Fortalecimento dos Equipamentos&hellip;<\/p>\n","protected":false},"author":2,"featured_media":0,"parent":0,"menu_order":0,"comment_status":"closed","ping_status":"closed","template":"","meta":{"_acf_changed":false,"footnotes":""},"class_list":["post-23249","page","type-page","status-publish","hentry"],"acf":[],"_links":{"self":[{"href":"https:\/\/www.ovg.org.br\/site\/index.php?rest_route=\/wp\/v2\/pages\/23249","targetHints":{"allow":["GET"]}}],"collection":[{"href":"https:\/\/www.ovg.org.br\/site\/index.php?rest_route=\/wp\/v2\/pages"}],"about":[{"href":"https:\/\/www.ovg.org.br\/site\/index.php?rest_route=\/wp\/v2\/types\/page"}],"author":[{"embeddable":true,"href":"https:\/\/www.ovg.org.br\/site\/index.php?rest_route=\/wp\/v2\/users\/2"}],"replies":[{"embeddable":true,"href":"https:\/\/www.ovg.org.br\/site\/index.php?rest_route=%2Fwp%2Fv2%2Fcomments&post=23249"}],"version-history":[{"count":13,"href":"https:\/\/www.ovg.org.br\/site\/index.php?rest_route=\/wp\/v2\/pages\/23249\/revisions"}],"predecessor-version":[{"id":29728,"href":"https:\/\/www.ovg.org.br\/site\/index.php?rest_route=\/wp\/v2\/pages\/23249\/revisions\/29728"}],"wp:attachment":[{"href":"https:\/\/www.ovg.org.br\/site\/index.php?rest_route=%2Fwp%2Fv2%2Fmedia&parent=23249"}],"curies":[{"name":"wp","href":"https:\/\/api.w.org\/{rel}","templated":true}]}}