{"id":23252,"date":"2024-10-02T10:31:01","date_gmt":"2024-10-02T13:31:01","guid":{"rendered":"https:\/\/www.ovg.org.br\/site\/?p=23252"},"modified":"2025-08-12T10:17:17","modified_gmt":"2025-08-12T13:17:17","slug":"campanhas-eventos-de-promocao-protecao-e-inclusao-social","status":"publish","type":"page","link":"https:\/\/www.ovg.org.br\/site\/?page_id=23252","title":{"rendered":"Campanhas, Eventos de Promo\u00e7\u00e3o, Prote\u00e7\u00e3o e Inclus\u00e3o Social"},"content":{"rendered":"\n<p><\/p>\n\n\n\n<p class=\"has-black-color has-text-color has-link-color wp-elements-a4c99bed38aa4c929f69cb5f7b26426f\"><a href=\"https:\/\/www.ovg.org.br\/site\/wp-content\/uploads\/2024\/10\/Gerencia-de-Voluntariado-e-Parcerias-Sociais_Mobilizacao-e-Fortalecimento-do-Voluntariado-e-Parcerias-Sociais.pdf\">Ger\u00eancia de Voluntariado e Parcerias Sociais: Mobiliza\u00e7\u00e3o e Fortalecimento do Voluntariado e Parcerias Sociais<\/a><br><a href=\"https:\/\/www.ovg.org.br\/site\/wp-content\/uploads\/2024\/10\/Gerencia-de-Voluntariado-e-Parcerias-Sociais_Mobilizacao-e-Fortalecimento-do-Voluntariado-e-Parcerias-Sociais.pdf\"><br><\/a><a href=\"https:\/\/www.ovg.org.br\/site\/wp-content\/uploads\/2024\/10\/Centro-de-Apoio-ao-Romeiro.pdf\">Centro de Apoio ao Romeiro<\/a><br><a href=\"https:\/\/www.ovg.org.br\/site\/wp-content\/uploads\/2024\/10\/Centro-de-Apoio-ao-Romeiro.pdf\"><br><\/a><a href=\"https:\/\/www.ovg.org.br\/site\/wp-content\/uploads\/2024\/10\/Natal-do-Bem.pdf\">Natal do Bem<\/a><\/p>\n\n\n\n<p class=\"has-black-color has-text-color has-link-color wp-elements-1ea4a85cbdc6be4a252b6f18b51c42fb\"><a href=\"https:\/\/www.ovg.org.br\/site\/wp-content\/uploads\/2025\/08\/ok.E4.-Protecao-Social-as-Familias-e-Individuos-em-Situacao-de-Vulnerabilidade-eou-Risco-_Ago_-2025.pdf\">Ger\u00eancia de Enfrentamento \u00e0s Desprote\u00e7\u00f5es Sociais: Prote\u00e7\u00e3o Social \u00e0s Fam\u00edlias e Indiv\u00edduos em Situa\u00e7\u00e3o de Vulnerabilidade e\/ou Risco Social<\/a><\/p>\n\n\n\n<p><\/p>\n","protected":false},"excerpt":{"rendered":"<p>Ger\u00eancia de Voluntariado e Parcerias Sociais: Mobiliza\u00e7\u00e3o e Fortalecimento do Voluntariado e Parcerias SociaisCentro de Apoio ao RomeiroNatal do Bem Ger\u00eancia de Enfrentamento \u00e0s Desprote\u00e7\u00f5es Sociais: Prote\u00e7\u00e3o Social \u00e0s Fam\u00edlias&hellip;<\/p>\n","protected":false},"author":2,"featured_media":0,"parent":0,"menu_order":0,"comment_status":"closed","ping_status":"closed","template":"","meta":{"_acf_changed":false,"footnotes":""},"class_list":["post-23252","page","type-page","status-publish","hentry"],"acf":[],"_links":{"self":[{"href":"https:\/\/www.ovg.org.br\/site\/index.php?rest_route=\/wp\/v2\/pages\/23252","targetHints":{"allow":["GET"]}}],"collection":[{"href":"https:\/\/www.ovg.org.br\/site\/index.php?rest_route=\/wp\/v2\/pages"}],"about":[{"href":"https:\/\/www.ovg.org.br\/site\/index.php?rest_route=\/wp\/v2\/types\/page"}],"author":[{"embeddable":true,"href":"https:\/\/www.ovg.org.br\/site\/index.php?rest_route=\/wp\/v2\/users\/2"}],"replies":[{"embeddable":true,"href":"https:\/\/www.ovg.org.br\/site\/index.php?rest_route=%2Fwp%2Fv2%2Fcomments&post=23252"}],"version-history":[{"count":3,"href":"https:\/\/www.ovg.org.br\/site\/index.php?rest_route=\/wp\/v2\/pages\/23252\/revisions"}],"predecessor-version":[{"id":27039,"href":"https:\/\/www.ovg.org.br\/site\/index.php?rest_route=\/wp\/v2\/pages\/23252\/revisions\/27039"}],"wp:attachment":[{"href":"https:\/\/www.ovg.org.br\/site\/index.php?rest_route=%2Fwp%2Fv2%2Fmedia&parent=23252"}],"curies":[{"name":"wp","href":"https:\/\/api.w.org\/{rel}","templated":true}]}}