{"id":23462,"date":"2024-10-18T15:05:32","date_gmt":"2024-10-18T18:05:32","guid":{"rendered":"https:\/\/www.ovg.org.br\/site\/?page_id=23462"},"modified":"2024-10-18T15:07:52","modified_gmt":"2024-10-18T18:07:52","slug":"central-do-candidato-2021-2","status":"publish","type":"page","link":"https:\/\/www.ovg.org.br\/site\/?page_id=23462","title":{"rendered":"Central do Candidato 2021\/2"},"content":{"rendered":"\n<p><strong>PROCESSO SELETIVO\/INSCRI\u00c7\u00d5ES<\/strong><\/p>\n\n<p class=\"has-text-color\">O Programa Universit\u00e1rio do Bem (ProBem) est\u00e1 com edital aberto para quatro mil bolsas oferecidas para estudantes universit\u00e1rios em situa\u00e7\u00e3o de vulnerabilidade social de todos os 246 munic\u00edpios goianos. Os candidatos devem acessar e ler atentamente o Edital e suas retifica\u00e7\u00f5es.<\/p>\n<!-- \/wp:post-content -->\n\n<!-- wp:paragraph {\"textColor\":\"vivid-purple\"} -->\n<p class=\"has-vivid-purple-color has-text-color\"><a href=\"https:\/\/www.ovg.org.br\/site\/wp-content\/uploads\/2024\/10\/Edital-PS-2021.1-retificacao-cronograma-1.pdf\" target=\"_blank\" rel=\"noreferrer noopener\">Edital n. 01, de 13 de abril de 2021<\/a><\/p>\n<!-- \/wp:paragraph -->\n\n<!-- wp:paragraph {\"textColor\":\"vivid-purple\"} -->\n<p class=\"has-vivid-purple-color has-text-color\"><a href=\"https:\/\/www.ovg.org.br\/site\/wp-content\/uploads\/2024\/10\/Edital-PS-2021.1-retificacao-no-02.2021-2.pdf\" target=\"_blank\" rel=\"noreferrer noopener\">Retifica\u00e7\u00e3o n. 02 ao Edital n. 01 de 13 de abril de 2021<\/a><\/p>\n<!-- \/wp:paragraph -->\n\n<!-- wp:paragraph {\"textColor\":\"vivid-purple\"} -->\n<p class=\"has-vivid-purple-color has-text-color\"><a href=\"https:\/\/www.ovg.org.br\/site\/wp-content\/uploads\/2024\/10\/Edital-PS-2021.1-Retificacao-no-3.pdf\" target=\"_blank\" rel=\"noreferrer noopener\">Retifica\u00e7\u00e3o n. 03 ao Edital n. 01 de 13 de abril de 2021<\/a><\/p>\n<!-- \/wp:paragraph -->\n\n<!-- wp:paragraph -->\n<p><\/p>\n<!-- \/wp:paragraph -->\n\n<!-- wp:paragraph -->\n<p><a href=\"https:\/\/www.ovg.org.br\/site\/wp-content\/uploads\/2024\/10\/PROBEM-2021-2-Chamada-1.pdf\" target=\"_blank\" rel=\"noreferrer noopener\">Rela\u00e7\u00e3o de Selecionados &#8211; 1a chamada<\/a><\/p>\n<!-- \/wp:paragraph -->\n\n<!-- wp:paragraph -->\n<p><a href=\"https:\/\/www.ovg.org.br\/site\/wp-content\/uploads\/2024\/10\/PROBEM-2021-2-Chamada-2.pdf\" target=\"_blank\" rel=\"noreferrer noopener\">Rela\u00e7\u00e3o de Selecionados &#8211; 2a chamada<\/a><\/p>\n<!-- \/wp:paragraph -->\n\n<!-- wp:paragraph -->\n<p><a href=\"https:\/\/www.ovg.org.br\/site\/wp-content\/uploads\/2024\/10\/PROBEM-2021-2-Chamada-3.pdf\" target=\"_blank\" rel=\"noreferrer noopener\">Rela\u00e7\u00e3o de Selecionados &#8211; 3a chamada<\/a><\/p>\n<!-- \/wp:paragraph -->\n\n<!-- wp:html \/-->\n\n<!-- wp:paragraph -->\n<p><\/p>\n<!-- \/wp:paragraph -->\n\n<!-- wp:paragraph -->\n<p><\/p>\n<!-- \/wp:paragraph -->\n\n<!-- wp:paragraph -->\n<p><strong><span style=\"color:#8160a5\" class=\"has-inline-color\">Para participar, o candidato precisa:<\/span><\/strong><\/p>\n<!-- \/wp:paragraph -->\n\n<!-- wp:list -->\n<ul><!-- wp:list-item -->\n<li>Residir no Estado de Goi\u00e1s<\/li>\n<!-- \/wp:list-item -->\n\n<!-- wp:list-item -->\n<li>Estar inscrito no Cadastro \u00danico<\/li>\n<!-- \/wp:list-item -->\n\n<!-- wp:list-item -->\n<li>Ter v\u00ednculo com uma Institui\u00e7\u00e3o de Ensino Superior cadastrada no ProBem em curso superior de gradua\u00e7\u00e3o, na modalidade presencial (as aulas on-line em virtude da pandemia n\u00e3o s\u00e3o consideradas ensino \u00e0 dist\u00e2ncia [EAD]).<\/li>\n<!-- \/wp:list-item -->\n\n<!-- wp:list-item -->\n<li>N\u00e3o frequentar curso superior \u00e0 dist\u00e2ncia, semipresencial ou EAD<\/li>\n<!-- \/wp:list-item -->\n\n<!-- wp:list-item -->\n<li>N\u00e3o ter condi\u00e7\u00f5es financeiras, ou seja, que se encontra em situa\u00e7\u00e3o de vulnerabilidade atestado pelo indicador multidimensional de pobreza<\/li>\n<!-- \/wp:list-item -->\n\n<!-- wp:list-item -->\n<li>Estar cursando a primeira gradua\u00e7\u00e3o<\/li>\n<!-- \/wp:list-item --><\/ul>\n<!-- \/wp:list -->\n\n<!-- wp:paragraph -->\n<p><mark style=\"background-color:rgba(0, 0, 0, 0);color:#8160a5\" class=\"has-inline-color\"><strong>Crit\u00e9rios de sele\u00e7\u00e3o:<\/strong><\/mark><\/p>\n<!-- \/wp:paragraph -->\n\n<!-- wp:paragraph -->\n<p>A sele\u00e7\u00e3o dos candidatos \u00e9 realizada a partir de an\u00e1lise multidimensional da pobreza. Para tanto ser\u00e1 utilizado o \u00cdndice Multidimensional de Car\u00eancias das Fam\u00edlias Ampliado (IMCF-A), constru\u00eddo com base nas diversas vulnerabilidades das fam\u00edlias inscritas no Cadastro \u00danico (Cad\u00danico). <\/p>\n<!-- \/wp:paragraph -->\n\n<!-- wp:paragraph -->\n<p>Os candidatos ser\u00e3o classificados em ordem decrescente, conforme valor do \u00edndice, considerando as seguintes dimens\u00f5es: &#8211;<\/p>\n<!-- \/wp:paragraph -->\n\n<!-- wp:paragraph -->\n<p><a><mark style=\"background-color:rgba(0, 0, 0, 0);color:#5b5a5a\" class=\"has-inline-color\">\u2013 Restri\u00e7\u00f5es de acesso ao trabalho e renda;<br>\u2013 Falta de acesso ao conhecimento e escolaridade;<br>\u2013 Escassez de recursos (priva\u00e7\u00f5es de acesso a bens e servi\u00e7os necess\u00e1rios \u00e0s fam\u00edlias);<br>\u2013 Car\u00eancias habitacionais (condi\u00e7\u00f5es de moradia).<\/mark><\/a><\/p>\n<!-- \/wp:paragraph -->\n\n<!-- wp:paragraph -->\n<p><br><br><\/p>\n<!-- \/wp:paragraph -->\n\n<!-- wp:paragraph -->\n<p><a href=\"https:\/\/www.ovg.org.br\/site\/wp-content\/uploads\/2021\/04\/cartilha-probem-cadastro-unico-03_2.pdf\"><span style=\"color:#8160a5\" class=\"has-inline-color\"><strong>Cartilha Cadastro \u00danico<\/strong><\/span><\/a><\/p>\n<!-- \/wp:paragraph -->\n\n<!-- wp:paragraph {\"textColor\":\"vivid-purple\"} -->\n<p class=\"has-vivid-purple-color has-text-color\"><strong><span style=\"color:#8160a5\" class=\"has-inline-color\"><a href=\"https:\/\/www.ovg.org.br\/site\/wp-content\/uploads\/2022\/01\/NOTA-METODOLOGICA-IMCF-A-ATUALIZADO-NOVEMBRO-2021.pdf\">Confira a Nota Metodol\u00f3gica do \u00cdndice Multidimensional de Car\u00eancias das Fam\u00edlias Ampliado (IMCF-A)<\/a><\/span><\/strong><\/p>\n<!-- \/wp:paragraph -->\n\n<!-- wp:paragraph {\"textColor\":\"vivid-purple\"} -->\n<p class=\"has-vivid-purple-color has-text-color\"><mark style=\"background-color:rgba(0, 0, 0, 0);color:#8160a5\" class=\"has-inline-color\"><strong><a href=\"https:\/\/www.ovg.org.br\/site\/wp-content\/uploads\/2022\/06\/PROBEM-Lista-de-Faculdades-2022.pdf\">Rela\u00e7\u00e3o de Institui\u00e7\u00f5es de Ensino Superior Cadastradas<\/a><\/strong><\/mark><\/p>\n<!-- \/wp:paragraph -->\n\n<!-- wp:paragraph -->\n<p><strong><span style=\"color:#8160a5\" class=\"has-inline-color\">CENTRAL DE RELACIONAMENTO PROBEM<\/span><\/strong><br>&nbsp;0800 062 9413<br>&nbsp;62 3201-9351<br>&nbsp;62 99641-6090 (WhatsApp)<\/p>\n<!-- \/wp:paragraph -->\n\n<!-- wp:paragraph -->\n<p><\/p>\n<!-- \/wp:paragraph -->","protected":false},"excerpt":{"rendered":"<p>PROCESSO SELETIVO\/INSCRI\u00c7\u00d5ES O Programa Universit\u00e1rio do Bem (ProBem) est\u00e1 com edital aberto para quatro mil bolsas oferecidas para estudantes universit\u00e1rios em situa\u00e7\u00e3o de vulnerabilidade social de todos os 246 munic\u00edpios&hellip;<\/p>\n","protected":false},"author":12,"featured_media":0,"parent":0,"menu_order":0,"comment_status":"closed","ping_status":"closed","template":"","meta":{"_acf_changed":false,"footnotes":""},"class_list":["post-23462","page","type-page","status-publish","hentry"],"acf":[],"_links":{"self":[{"href":"https:\/\/www.ovg.org.br\/site\/index.php?rest_route=\/wp\/v2\/pages\/23462","targetHints":{"allow":["GET"]}}],"collection":[{"href":"https:\/\/www.ovg.org.br\/site\/index.php?rest_route=\/wp\/v2\/pages"}],"about":[{"href":"https:\/\/www.ovg.org.br\/site\/index.php?rest_route=\/wp\/v2\/types\/page"}],"author":[{"embeddable":true,"href":"https:\/\/www.ovg.org.br\/site\/index.php?rest_route=\/wp\/v2\/users\/12"}],"replies":[{"embeddable":true,"href":"https:\/\/www.ovg.org.br\/site\/index.php?rest_route=%2Fwp%2Fv2%2Fcomments&post=23462"}],"version-history":[{"count":3,"href":"https:\/\/www.ovg.org.br\/site\/index.php?rest_route=\/wp\/v2\/pages\/23462\/revisions"}],"predecessor-version":[{"id":23472,"href":"https:\/\/www.ovg.org.br\/site\/index.php?rest_route=\/wp\/v2\/pages\/23462\/revisions\/23472"}],"wp:attachment":[{"href":"https:\/\/www.ovg.org.br\/site\/index.php?rest_route=%2Fwp%2Fv2%2Fmedia&parent=23462"}],"curies":[{"name":"wp","href":"https:\/\/api.w.org\/{rel}","templated":true}]}}