{"id":32,"date":"2020-05-07T10:51:39","date_gmt":"2020-05-07T13:51:39","guid":{"rendered":"http:\/\/www.ovg.org.br\/site\/?page_id=32"},"modified":"2023-06-27T14:16:50","modified_gmt":"2023-06-27T17:16:50","slug":"casa-do-interior-de-goias","status":"publish","type":"page","link":"https:\/\/www.ovg.org.br\/site\/?page_id=32","title":{"rendered":"Doa\u00e7\u00f5es"},"content":{"rendered":"\n<p>A Organiza\u00e7\u00e3o das Volunt\u00e1rias de Goi\u00e1s conta com a contribui\u00e7\u00e3o de diversos parceiros nas a\u00e7\u00f5es sociais desenvolvidas para beneficiar a parcela mais necessitada da popula\u00e7\u00e3o. A atua\u00e7\u00e3o especial de cada um torna poss\u00edvel ampliar a inclus\u00e3o e a cidadania.<\/p>\n\n\n\n<p>Qualquer pessoa pode contribuir com o trabalho da institui\u00e7\u00e3o, seja atrav\u00e9s da doa\u00e7\u00e3o de produtos, como alimentos n\u00e3o perec\u00edveis e materiais de higiene e limpeza, seja por meio de dep\u00f3sito na conta doa\u00e7\u00e3o da OVG. Uma parte da arrecada\u00e7\u00e3o \u00e9 repassada para entidades sociais credenciadas e a outra para as unidades de atendimento e a\u00e7\u00f5es da pr\u00f3pria Organiza\u00e7\u00e3o.<\/p>\n\n\n\n<p>A soma de esfor\u00e7os resulta em realiza\u00e7\u00f5es que constroem dignidade e melhoram a vida de milhares de pessoas. Seja um parceiro da OVG!<\/p>\n\n\n\n<p><strong>Benef\u00edcios fiscais para parceiros da OVG:<\/strong>&nbsp;<\/p>\n\n\n\n<p><strong>Pessoa jur\u00eddica<br><\/strong><\/p>\n\n\n\n<p>&nbsp;<strong>Incentivos espec\u00edficos:<\/strong><\/p>\n\n\n\n<p>1.ICMS &#8211; Convenio ICMS 15\/2004-&nbsp;Autoriza o Estado de Goi\u00e1s a conceder isen\u00e7\u00e3o do ICMS nas sa\u00eddas internas, em doa\u00e7\u00e3o, de mercadorias e bens destinados a Organiza\u00e7\u00e3o das Volunt\u00e1rias do Estado de Goi\u00e1s&nbsp;<\/p>\n\n\n\n<p>2.Fomentar e Produzir&nbsp;<\/p>\n\n\n\n<p><strong>Incentivos gerais<\/strong><\/p>\n\n\n\n<p>ECA- Estatuto da Crian\u00e7a e do Adolescente. (Lei 8.069\/90)<\/p>\n\n\n\n<p>Doa\u00e7\u00f5es atrav\u00e9s dos Fundos da Crian\u00e7a e do Adolescente-&nbsp;Dedu\u00e7\u00e3o direta de at\u00e9 100% da doa\u00e7\u00e3o, limitada a 1% do Imposto de Renda devido.<\/p>\n\n\n\n<p>ESTATUTO DO IDOSO &#8211; Lei 10.741\/03<\/p>\n\n\n\n<p>Doa\u00e7\u00f5es atrav\u00e9s dos Fundos do Idoso-&nbsp;Dedu\u00e7\u00e3o direta de at\u00e9 100% da doa\u00e7\u00e3o, limitada a 1% do Imposto de Renda devido.<\/p>\n\n\n\n<p><strong>Pessoa F\u00edsica<br><\/strong><\/p>\n\n\n\n<p><strong>Incentivos gerais<\/strong><\/p>\n\n\n\n<p>ECA- Estatuto da Crian\u00e7a e do Adolescente. (Lei 8.069\/90)<\/p>\n\n\n\n<p>Doa\u00e7\u00f5es atrav\u00e9s dos Fundos da Crian\u00e7a e do Adolescente-&nbsp;Dedu\u00e7\u00e3o direta de at\u00e9 100% da doa\u00e7\u00e3o, limitada a 6% do Imposto de Renda devido.<\/p>\n\n\n\n<p>ESTATUTO DO IDOSO &#8211; Lei 10.741\/03<\/p>\n\n\n\n<p>Doa\u00e7\u00f5es atrav\u00e9s dos Fundos do Idoso-&nbsp;Dedu\u00e7\u00e3o direta de at\u00e9 100% da doa\u00e7\u00e3o, limitada a 6% do Imposto de Renda devido.<\/p>\n\n\n\n<p><strong>Doa\u00e7\u00f5es em dinheiro<\/strong><\/p>\n\n\n\n<p>Banco: Bradesco<br>Ag\u00eancia: 0244<br>Conta: 45000-6 (OVG Doa\u00e7\u00e3o)<\/p>\n\n\n\n<p><strong>Outras doa\u00e7\u00f5es<\/strong><\/p>\n\n\n\n<p>Ger\u00eancia Estrat\u00e9gica de Neg\u00f3cios e Capta\u00e7\u00e3o de Recursos<br>Rua T-14, n\u00ba 249, Setor Bueno &#8211; Goi\u00e2nia\/GO<br>Tel.: (62) 3201-9315<br>E-mail: captacao@ovg.org.br<\/p>\n","protected":false},"excerpt":{"rendered":"<p>A Organiza\u00e7\u00e3o das Volunt\u00e1rias de Goi\u00e1s conta com a contribui\u00e7\u00e3o de diversos parceiros nas a\u00e7\u00f5es sociais desenvolvidas para beneficiar a parcela mais necessitada da popula\u00e7\u00e3o. A atua\u00e7\u00e3o especial de cada&hellip;<\/p>\n","protected":false},"author":1,"featured_media":0,"parent":0,"menu_order":0,"comment_status":"closed","ping_status":"closed","template":"","meta":{"_acf_changed":false,"footnotes":""},"class_list":["post-32","page","type-page","status-publish","hentry"],"acf":[],"_links":{"self":[{"href":"https:\/\/www.ovg.org.br\/site\/index.php?rest_route=\/wp\/v2\/pages\/32","targetHints":{"allow":["GET"]}}],"collection":[{"href":"https:\/\/www.ovg.org.br\/site\/index.php?rest_route=\/wp\/v2\/pages"}],"about":[{"href":"https:\/\/www.ovg.org.br\/site\/index.php?rest_route=\/wp\/v2\/types\/page"}],"author":[{"embeddable":true,"href":"https:\/\/www.ovg.org.br\/site\/index.php?rest_route=\/wp\/v2\/users\/1"}],"replies":[{"embeddable":true,"href":"https:\/\/www.ovg.org.br\/site\/index.php?rest_route=%2Fwp%2Fv2%2Fcomments&post=32"}],"version-history":[{"count":4,"href":"https:\/\/www.ovg.org.br\/site\/index.php?rest_route=\/wp\/v2\/pages\/32\/revisions"}],"predecessor-version":[{"id":17609,"href":"https:\/\/www.ovg.org.br\/site\/index.php?rest_route=\/wp\/v2\/pages\/32\/revisions\/17609"}],"wp:attachment":[{"href":"https:\/\/www.ovg.org.br\/site\/index.php?rest_route=%2Fwp%2Fv2%2Fmedia&parent=32"}],"curies":[{"name":"wp","href":"https:\/\/api.w.org\/{rel}","templated":true}]}}