{"id":57,"date":"2020-08-21T11:57:56","date_gmt":"2020-08-21T14:57:56","guid":{"rendered":"http:\/\/www.ovg.org.br\/site\/?page_id=57"},"modified":"2023-06-20T14:18:52","modified_gmt":"2023-06-20T17:18:52","slug":"noticias","status":"publish","type":"page","link":"https:\/\/www.ovg.org.br\/site\/?page_id=57","title":{"rendered":"Not\u00edcias"},"content":{"rendered":"\n<p><strong>Governo de Goi\u00e1s oferece mais 4 mil bolsas de estudo do ProBem<\/strong><\/p>\n\n\n\n<p>Inscri\u00e7\u00f5es podem ser feitas at\u00e9 07\/06, exclusivamente no site da OVG (ovg.org.br). \u00c9 necess\u00e1rio estar vinculado ao Cad\u00danico do Governo Federal. Resultado ser\u00e1 divulgado dia 1\u00ba de agosto e contemplados receber\u00e3o o benef\u00edcio retroativo a julho de 2023<\/p>\n\n\n\n<p>Come\u00e7a nesta ter\u00e7a-feira (20\/06) o per\u00edodo de inscri\u00e7\u00f5es para o processo seletivo 2023\/2 do Programa Universit\u00e1rio do Bem (ProBem). O Governo de Goi\u00e1s, por meio do Goi\u00e1s Social, est\u00e1 oferecendo 4 mil novas bolsas de estudo, sendo 1 mil integrais e 3 mil parciais, a estudantes em situa\u00e7\u00e3o de vulnerabilidade social de todo o estado. As inscri\u00e7\u00f5es podem ser feitas no site da OVG (ovg.org.br) at\u00e9 o dia 07 de julho.<\/p>\n\n\n\n<p>Para concorrer \u00e9 preciso estar inscrito no Cad\u00danico do Governo Federal. Tamb\u00e9m \u00e9 necess\u00e1rio residir em Goi\u00e1s e ter v\u00ednculo com a Institui\u00e7\u00e3o de Ensino Superior (IES). O resultado do processo seletivo ser\u00e1 divulgado dia 1\u00ba de agosto. Os contemplados receber\u00e3o o benef\u00edcio retroativo a julho de 2023.<\/p>\n\n\n\n<p>\u201cCom uma forma\u00e7\u00e3o superior no curr\u00edculo, muitas portas se abrem para bons empregos. Tenho certeza de que teremos m\u00e9dicos, advogados, engenheiros e muitos outros grandes profissionais do futuro que, em sua carreira, v\u00e3o oferecer uma melhor qualidade de vida para sua fam\u00edlia e tamb\u00e9m contribuir para o desenvolvimento do nosso estado\u201d, enfatiza a presidente de honra da OVG e coordenadora do Gabinete de Pol\u00edticas Sociais (GPS), primeira-dama Gracinha Caiado.<\/p>\n\n\n\n<p><strong>O programa<\/strong><br>O ProBem utiliza os dados nacionais do Cad\u00danico para identificar as fam\u00edlias socialmente vulner\u00e1veis em Goi\u00e1s. Al\u00e9m disso, h\u00e1 uma integra\u00e7\u00e3o \u00e0s ofertas de cursos e est\u00e1gios ligados \u00e0 \u00e1rea de forma\u00e7\u00e3o do bolsista por meio do Banco de Oportunidades. S\u00e3o incentivadas participa\u00e7\u00f5es em projetos sociais e iniciativas humanit\u00e1rias, como a doa\u00e7\u00e3o de sangue. O Programa oferece ainda acompanhamento integral \u00e0 fam\u00edlia dos bolsistas mais vulner\u00e1veis, por meio de uma rede socioassistencial.<\/p>\n\n\n\n<p>A iniciativa do Governo Estadual oferece bolsas parciais de 50% do valor da mensalidade e integrais, que cobrem 100%. Para a maioria dos cursos o benef\u00edcio parcial pode chegar a R$ 650 e o integral a R$ 1.500. J\u00e1 para alunos de medicina e odontologia, as bolsas ter\u00e3o limite de R$ 2.900 (bolsa parcial) e R$ 5.800 (bolsa integral).<\/p>\n\n\n\n<p><strong>Servi\u00e7o<\/strong><br>Governo de Goi\u00e1s oferece mais 4 mil bolsas de estudo do ProBem<br>Quando: de 20 de junho a 07 de julho de 2023<br>Onde: Site da OVG (www.ovg.org.br)<\/p>\n\n\n\n<p>Foto: Aline Cabral<\/p>\n\n\n\n<p><strong>Legenda:<\/strong> Estudantes em vulnerabilidade social de Goi\u00e1s t\u00eam at\u00e9 07 de julho para se inscreverem no Programa Universit\u00e1rio do Bem, via site da OVG (ovg.org.br)<\/p>\n\n\n\n<p><strong>Organiza\u00e7\u00e3o das Volunt\u00e1rias de Goi\u00e1s \u2013 Governo de Goi\u00e1s<\/strong><\/p>\n","protected":false},"excerpt":{"rendered":"<p>Governo de Goi\u00e1s oferece mais 4 mil bolsas de estudo do ProBem Inscri\u00e7\u00f5es podem ser feitas at\u00e9 07\/06, exclusivamente no site da OVG (ovg.org.br). \u00c9 necess\u00e1rio estar vinculado ao Cad\u00danico&hellip;<\/p>\n","protected":false},"author":11,"featured_media":17531,"parent":0,"menu_order":0,"comment_status":"closed","ping_status":"closed","template":"template-pagina-noticias.php","meta":{"_acf_changed":false,"footnotes":""},"class_list":["post-57","page","type-page","status-publish","has-post-thumbnail","hentry"],"acf":[],"_links":{"self":[{"href":"https:\/\/www.ovg.org.br\/site\/index.php?rest_route=\/wp\/v2\/pages\/57","targetHints":{"allow":["GET"]}}],"collection":[{"href":"https:\/\/www.ovg.org.br\/site\/index.php?rest_route=\/wp\/v2\/pages"}],"about":[{"href":"https:\/\/www.ovg.org.br\/site\/index.php?rest_route=\/wp\/v2\/types\/page"}],"author":[{"embeddable":true,"href":"https:\/\/www.ovg.org.br\/site\/index.php?rest_route=\/wp\/v2\/users\/11"}],"replies":[{"embeddable":true,"href":"https:\/\/www.ovg.org.br\/site\/index.php?rest_route=%2Fwp%2Fv2%2Fcomments&post=57"}],"version-history":[{"count":2,"href":"https:\/\/www.ovg.org.br\/site\/index.php?rest_route=\/wp\/v2\/pages\/57\/revisions"}],"predecessor-version":[{"id":17532,"href":"https:\/\/www.ovg.org.br\/site\/index.php?rest_route=\/wp\/v2\/pages\/57\/revisions\/17532"}],"wp:featuredmedia":[{"embeddable":true,"href":"https:\/\/www.ovg.org.br\/site\/index.php?rest_route=\/wp\/v2\/media\/17531"}],"wp:attachment":[{"href":"https:\/\/www.ovg.org.br\/site\/index.php?rest_route=%2Fwp%2Fv2%2Fmedia&parent=57"}],"curies":[{"name":"wp","href":"https:\/\/api.w.org\/{rel}","templated":true}]}}