{"id":65,"date":"2020-09-17T07:52:41","date_gmt":"2020-09-17T10:52:41","guid":{"rendered":"http:\/\/www.ovg.org.br\/site\/?page_id=65"},"modified":"2026-02-20T17:00:20","modified_gmt":"2026-02-20T20:00:20","slug":"acesso-a-informacao","status":"publish","type":"page","link":"https:\/\/www.ovg.org.br\/site\/?page_id=65","title":{"rendered":"Acesso \u00e0 Informa\u00e7\u00e3o"},"content":{"rendered":"\n<p class=\"has-black-color has-text-color has-link-color wp-elements-64fc824cc155c1fe1b07ecec42c25b72\">Esta se\u00e7\u00e3o permite ao cidad\u00e3o acessar as informa\u00e7\u00f5es produzidas e\/ou custodiadas pela\u00a0<strong>Organiza\u00e7\u00e3o das Volunt\u00e1rias de Goi\u00e1s &#8211; OVG<\/strong>, garantindo o direito constitucional de acesso \u00e0 informa\u00e7\u00e3o, regulamentado pela\u00a0<a href=\"http:\/\/www.planalto.gov.br\/ccivil_03\/_Ato2011-2014\/2011\/Lei\/L12527.htm\" target=\"_blank\" rel=\"noreferrer noopener\"><strong>Lei Federal n\u00ba 12.527\/2011<\/strong><\/a>,\u00a0e, em \u00e2mbito estadual, pela\u00a0<a href=\"http:\/\/www.gabinetecivil.goias.gov.br\/leis_ordinarias\/2013\/lei_18025.htm\" target=\"_blank\" rel=\"noreferrer noopener\"><strong>Lei n\u00ba 18.025\/2013<\/strong><\/a>,\u00a0pela\u00a0<a href=\"http:\/\/www.gabinetecivil.goias.gov.br\/leis_ordinarias\/2005\/lei_15503.htm\" target=\"_blank\" rel=\"noreferrer noopener\"><strong>Lei n\u00ba15.503\/2005<\/strong><\/a>, pelo decreto <a href=\"https:\/\/legisla.casacivil.go.gov.br\/pesquisa_legislacao\/107670\/decreto-10306\"><strong>n\u00ba 10.306, de 21\/08\/2023<\/strong><\/a>\u00a0e pela\u00a0<a href=\"https:\/\/www.ovg.org.br\/site\/wp-content\/uploads\/2026\/02\/Resolucao-Normativa-no-04-2025-do-TCE-GO.pdf\"><strong>Resolu\u00e7\u00e3o Normativa n\u00ba 04\/2025 do Tribunal de Contas do Estado de Goi\u00e1s<\/strong>.<\/a><\/p>\n\n\n\n<p><\/p>\n","protected":false},"excerpt":{"rendered":"<p>Esta se\u00e7\u00e3o permite ao cidad\u00e3o acessar as informa\u00e7\u00f5es produzidas e\/ou custodiadas pela\u00a0Organiza\u00e7\u00e3o das Volunt\u00e1rias de Goi\u00e1s &#8211; OVG, garantindo o direito constitucional de acesso \u00e0 informa\u00e7\u00e3o, regulamentado pela\u00a0Lei Federal n\u00ba&hellip;<\/p>\n","protected":false},"author":1,"featured_media":0,"parent":0,"menu_order":0,"comment_status":"closed","ping_status":"closed","template":"template-pagina-transparencia.php","meta":{"_acf_changed":false,"footnotes":""},"class_list":["post-65","page","type-page","status-publish","hentry"],"acf":[],"_links":{"self":[{"href":"https:\/\/www.ovg.org.br\/site\/index.php?rest_route=\/wp\/v2\/pages\/65","targetHints":{"allow":["GET"]}}],"collection":[{"href":"https:\/\/www.ovg.org.br\/site\/index.php?rest_route=\/wp\/v2\/pages"}],"about":[{"href":"https:\/\/www.ovg.org.br\/site\/index.php?rest_route=\/wp\/v2\/types\/page"}],"author":[{"embeddable":true,"href":"https:\/\/www.ovg.org.br\/site\/index.php?rest_route=\/wp\/v2\/users\/1"}],"replies":[{"embeddable":true,"href":"https:\/\/www.ovg.org.br\/site\/index.php?rest_route=%2Fwp%2Fv2%2Fcomments&post=65"}],"version-history":[{"count":10,"href":"https:\/\/www.ovg.org.br\/site\/index.php?rest_route=\/wp\/v2\/pages\/65\/revisions"}],"predecessor-version":[{"id":29491,"href":"https:\/\/www.ovg.org.br\/site\/index.php?rest_route=\/wp\/v2\/pages\/65\/revisions\/29491"}],"wp:attachment":[{"href":"https:\/\/www.ovg.org.br\/site\/index.php?rest_route=%2Fwp%2Fv2%2Fmedia&parent=65"}],"curies":[{"name":"wp","href":"https:\/\/api.w.org\/{rel}","templated":true}]}}